{"id":4383,"date":"2025-06-24T09:05:57","date_gmt":"2025-06-24T12:05:57","guid":{"rendered":"https:\/\/www.dynamo.com.br\/interactive-performance\/"},"modified":"2025-06-24T09:05:58","modified_gmt":"2025-06-24T12:05:58","slug":"interactive-performance","status":"publish","type":"page","link":"https:\/\/www.dynamo.com.br\/en\/interactive-performance\/","title":{"rendered":"Interactive Performance"},"content":{"rendered":"<div id=\"quemsomos\"><div class=\"fusion-fullwidth fullwidth-box fusion-builder-row-1 fusion-flex-container nonhundred-percent-fullwidth non-hundred-percent-height-scrolling\" style=\"background-color: rgba(255,255,255,0);background-position: center center;background-repeat: no-repeat;border-width: 0px 0px 0px 0px;border-color:#e2e2e2;border-style:solid;\" ><div class=\"fusion-builder-row fusion-row fusion-flex-align-items-flex-start\" style=\"max-width:1365px;margin-left: calc(-5% \/ 2 );margin-right: calc(-5% \/ 2 );\"><div class=\"fusion-layout-column fusion_builder_column fusion-builder-column-0 fusion_builder_column_1_1 1_1 fusion-flex-column\"><div class=\"fusion-column-wrapper fusion-flex-justify-content-flex-start fusion-content-layout-column\" style=\"background-position:left top;background-repeat:no-repeat;-webkit-background-size:cover;-moz-background-size:cover;-o-background-size:cover;background-size:cover;padding: 0px 0px 0px 0px;\"><style type=\"text\/css\">@media only screen and (max-width:1177px) {.fusion-title.fusion-title-1{margin-top:10px!important; margin-right:0px!important;margin-bottom:15px!important;margin-left:0px!important;}}@media only screen and (max-width:700px) {.fusion-title.fusion-title-1{margin-top:10px!important; margin-right:0px!important;margin-bottom:10px!important; margin-left:0px!important;}}<\/style><div class=\"fusion-title title fusion-title-1 fusion-sep-none fusion-title-center fusion-title-text fusion-title-size-two\" style=\"margin-top:10px;margin-right:0px;margin-bottom:15px;margin-left:0px;\"><h2 class=\"title-heading-center\" style=\"margin:0;\">Interactive Performance<\/h2><\/div><div class=\"fusion-separator fusion-full-width-sep\" style=\"align-self: center;margin-left: auto;margin-right: auto;margin-bottom:20px;width:100%;\"><div class=\"fusion-separator-border sep-single sep-solid\" style=\"border-color:#ededed;border-top-width:1px;\"><\/div><\/div><div class=\"fusion-text fusion-text-1\"><p>First, it is necessary to remember that the fund&#8217;s NAV is generally made available on D+1 but relates to the performance of day D. Therefore, if you wish to view the fund\u2019s return for, say, July 2002, you should enter:<\/p>\n<p>Start Date: 06\/30\/2002<br \/>End Date:\u00a0 07\/31\/2002<\/p>\n<p>If you set the Start Date to July 1, 2002, and the End Date to July 31, 2002, you will exclude the return for July 1st.<\/p>\n<p>Should you enter a date that is not a business day (Saturday, Sunday, or public holiday), the system will automatically redirect you to the immediately preceding business day.<\/p>\n<p>If you select a time interval exceeding one year, the system will additionally provide the annualized return for that period.<\/p>\n<p>The following data are employed in the calculation of return intervals:<\/p>\n<ul>\n<li>Dynamo Cougar Classe de Investimento em A\u00e7\u00f5es Responsabilidade Limitida &#8211; Cotas di\u00e1rias.<\/li>\n<li>IBOVESPA &#8211; Cota\u00e7\u00f5es di\u00e1rias.<\/li>\n<li>CDI &#8211; Taxa di\u00e1ria.<\/li>\n<li>IPCA \u2013 Como o IPCA s\u00f3 \u00e9 divulgado entre os dias 08 e 11 de cada m\u00eas, referente ao m\u00eas anterior, a fim de evitar-se subjetividades de proje\u00e7\u00f5es, emprega-se o c\u00e1lculo pro rata dia do IPCA defasado de um m\u00eas.<\/li>\n<\/ul>\n<\/div><div style=\"text-align:center;\"><style>.fusion-body .fusion-button.button-1{border-radius:5px 5px 5px 5px;}<\/style><a class=\"fusion-button button-flat fusion-button-default-size button-default button-1 fusion-button-default-span fusion-button-default-type\" target=\"_self\" href=\"\/en\/?page_id=4347\"><span class=\"fusion-button-text\">Back<\/span><\/a><\/div><\/div><style type=\"text\/css\">.fusion-body .fusion-builder-column-0{width:100% !important;margin-top : 0px;margin-bottom : 20px;}.fusion-builder-column-0 > .fusion-column-wrapper {padding-top : 0px !important;padding-right : 0px !important;margin-right : 2.375%;padding-bottom : 0px !important;padding-left : 0px !important;margin-left : 2.375%;}@media only screen and (max-width:1177px) {.fusion-body .fusion-builder-column-0{width:100% !important;order : 0;}.fusion-builder-column-0 > .fusion-column-wrapper {margin-right : 2.375%;margin-left : 2.375%;}}@media only screen and (max-width:700px) {.fusion-body .fusion-builder-column-0{width:100% !important;order : 0;}.fusion-builder-column-0 > .fusion-column-wrapper {margin-right : 2.375%;margin-left : 2.375%;}}<\/style><\/div><\/div><style type=\"text\/css\">.fusion-body .fusion-flex-container.fusion-builder-row-1{ padding-top : 0px;margin-top : 0px;padding-right : 0px;padding-bottom : 0px;margin-bottom : 0px;padding-left : 0px;}<\/style><\/div><\/div>\n","protected":false},"excerpt":{"rendered":"","protected":false},"author":2,"featured_media":0,"parent":0,"menu_order":0,"comment_status":"closed","ping_status":"closed","template":"","meta":{"footnotes":""},"class_list":["post-4383","page","type-page","status-publish","hentry"],"_links":{"self":[{"href":"https:\/\/www.dynamo.com.br\/en\/wp-json\/wp\/v2\/pages\/4383","targetHints":{"allow":["GET"]}}],"collection":[{"href":"https:\/\/www.dynamo.com.br\/en\/wp-json\/wp\/v2\/pages"}],"about":[{"href":"https:\/\/www.dynamo.com.br\/en\/wp-json\/wp\/v2\/types\/page"}],"author":[{"embeddable":true,"href":"https:\/\/www.dynamo.com.br\/en\/wp-json\/wp\/v2\/users\/2"}],"replies":[{"embeddable":true,"href":"https:\/\/www.dynamo.com.br\/en\/wp-json\/wp\/v2\/comments?post=4383"}],"version-history":[{"count":11,"href":"https:\/\/www.dynamo.com.br\/en\/wp-json\/wp\/v2\/pages\/4383\/revisions"}],"predecessor-version":[{"id":4700,"href":"https:\/\/www.dynamo.com.br\/en\/wp-json\/wp\/v2\/pages\/4383\/revisions\/4700"}],"wp:attachment":[{"href":"https:\/\/www.dynamo.com.br\/en\/wp-json\/wp\/v2\/media?parent=4383"}],"curies":[{"name":"wp","href":"https:\/\/api.w.org\/{rel}","templated":true}]}}